{"id":1825,"date":"2022-12-15T09:46:57","date_gmt":"2022-12-15T08:46:57","guid":{"rendered":"https:\/\/alpargateriadeparenpar.es\/my-account\/"},"modified":"2023-03-14T09:49:00","modified_gmt":"2023-03-14T08:49:00","slug":"my-account","status":"publish","type":"page","link":"https:\/\/alpargateriadeparenpar.es\/en\/my-account\/","title":{"rendered":"My Account"},"content":{"rendered":"\t\t<div data-elementor-type=\"wp-page\" data-elementor-id=\"1825\" class=\"elementor elementor-1825 elementor-38\">\n\t\t\t\t\t\t\t\t\t<section class=\"elementor-section elementor-top-section elementor-element elementor-element-3cd71e6 elementor-section-stretched elementor-section-boxed elementor-section-height-default elementor-section-height-default\" data-id=\"3cd71e6\" data-element_type=\"section\" data-settings=\"{&quot;background_background&quot;:&quot;classic&quot;,&quot;stretch_section&quot;:&quot;section-stretched&quot;}\">\n\t\t\t\t\t\t<div class=\"elementor-container elementor-column-gap-default\">\n\t\t\t\t\t<div class=\"elementor-column elementor-col-100 elementor-top-column elementor-element elementor-element-0aeeb57\" data-id=\"0aeeb57\" data-element_type=\"column\">\n\t\t\t<div class=\"elementor-widget-wrap elementor-element-populated\">\n\t\t\t\t\t\t\t\t<div class=\"elementor-element elementor-element-0d02ae7 elementor-tablet-align-center elementor-widget elementor-widget-breadcrumbs\" data-id=\"0d02ae7\" data-element_type=\"widget\" data-widget_type=\"breadcrumbs.default\">\n\t\t\t\t<div class=\"elementor-widget-container\">\n\t\t\t<link rel=\"stylesheet\" href=\"https:\/\/alpargateriadeparenpar.es\/wp-content\/plugins\/elementor-pro\/assets\/css\/widget-theme-elements.min.css\"><p id=\"breadcrumbs\"><span><span><a href=\"https:\/\/alpargateriadeparenpar.es\/\">Home<\/a><\/span><\/span><\/p>\t\t<\/div>\n\t\t\t\t<\/div>\n\t\t\t\t\t<\/div>\n\t\t<\/div>\n\t\t\t\t\t\t\t<\/div>\n\t\t<\/section>\n\t\t\t\t<section class=\"elementor-section elementor-top-section elementor-element elementor-element-612d551 elementor-section-stretched elementor-section-boxed elementor-section-height-default elementor-section-height-default\" data-id=\"612d551\" data-element_type=\"section\" data-settings=\"{&quot;background_background&quot;:&quot;classic&quot;,&quot;stretch_section&quot;:&quot;section-stretched&quot;}\">\n\t\t\t\t\t\t<div class=\"elementor-container elementor-column-gap-default\">\n\t\t\t\t\t<div class=\"elementor-column elementor-col-100 elementor-top-column elementor-element elementor-element-d05aa19\" data-id=\"d05aa19\" data-element_type=\"column\">\n\t\t\t<div class=\"elementor-widget-wrap elementor-element-populated\">\n\t\t\t\t\t\t\t\t\t<\/div>\n\t\t<\/div>\n\t\t\t\t\t\t\t<\/div>\n\t\t<\/section>\n\t\t\t\t<section class=\"elementor-section elementor-top-section elementor-element elementor-element-c50ffb0 elementor-section-stretched elementor-section-boxed elementor-section-height-default elementor-section-height-default\" data-id=\"c50ffb0\" data-element_type=\"section\" data-settings=\"{&quot;background_background&quot;:&quot;classic&quot;,&quot;stretch_section&quot;:&quot;section-stretched&quot;}\">\n\t\t\t\t\t\t<div class=\"elementor-container elementor-column-gap-default\">\n\t\t\t\t\t<div class=\"elementor-column elementor-col-100 elementor-top-column elementor-element elementor-element-0239711\" data-id=\"0239711\" data-element_type=\"column\">\n\t\t\t<div class=\"elementor-widget-wrap elementor-element-populated\">\n\t\t\t\t\t\t\t\t<div class=\"elementor-element elementor-element-ea3a7ef e-my-account-tabs-vertical elementor-widget elementor-widget-woocommerce-my-account\" data-id=\"ea3a7ef\" data-element_type=\"widget\" data-widget_type=\"woocommerce-my-account.default\">\n\t\t\t\t<div class=\"elementor-widget-container\">\n\t\t\t<link rel=\"stylesheet\" href=\"https:\/\/alpargateriadeparenpar.es\/wp-content\/plugins\/elementor-pro\/assets\/css\/widget-woocommerce.min.css\"><div class=\"e-my-account-tab e-my-account-tab__ \">\t\t\t<span class=\"elementor-hidden\">[woocommerce_my_account]<\/span>\n\t\t\t<div class=\"woocommerce\"><\/div>\t\t<\/div>\n\t\t\t\t<\/div>\n\t\t\t\t<\/div>\n\t\t\t\t\t<\/div>\n\t\t<\/div>\n\t\t\t\t\t\t\t<\/div>\n\t\t<\/section>\n\t\t\t\t\t\t\t<\/div>\n\t\t","protected":false},"excerpt":{"rendered":"<p>Escritorio Lista de deseos Pedidos Descargas Direcciones Detalles de la cuenta Logout Hola e-tecnia (\u00bfno eres e-tecnia? Cerrar sesi\u00f3n) Desde el escritorio de tu cuenta puedes ver tus pedidos recientes, gestionar tus direcciones de env\u00edo y facturaci\u00f3n y editar tu contrase\u00f1a y los detalles de tu cuenta.<\/p>\n","protected":false},"author":1,"featured_media":0,"parent":0,"menu_order":0,"comment_status":"closed","ping_status":"closed","template":"elementor_header_footer","meta":{"site-sidebar-layout":"default","site-content-layout":"default","ast-global-header-display":"","ast-main-header-display":"","ast-hfb-above-header-display":"","ast-hfb-below-header-display":"","ast-hfb-mobile-header-display":"","site-post-title":"","ast-breadcrumbs-content":"","ast-featured-img":"","footer-sml-layout":"","theme-transparent-header-meta":"default","adv-header-id-meta":"","stick-header-meta":"","header-above-stick-meta":"","header-main-stick-meta":"","header-below-stick-meta":"","footnotes":""},"acf":[],"yoast_head":"<!-- This site is optimized with the Yoast SEO plugin v19.12 - https:\/\/yoast.com\/wordpress\/plugins\/seo\/ -->\n<title>My Account - Alpargater\u00eda de Par en Par<\/title>\n<meta name=\"robots\" content=\"index, follow, max-snippet:-1, max-image-preview:large, max-video-preview:-1\" \/>\n<link rel=\"canonical\" href=\"https:\/\/alpargateriadeparenpar.es\/en\/my-account\/\" \/>\n<meta property=\"og:locale\" content=\"en_US\" \/>\n<meta property=\"og:type\" content=\"article\" \/>\n<meta property=\"og:title\" content=\"My Account - Alpargater\u00eda de Par en Par\" \/>\n<meta property=\"og:description\" content=\"Escritorio Lista de deseos Pedidos Descargas Direcciones Detalles de la cuenta Logout Hola e-tecnia (\u00bfno eres e-tecnia? Cerrar sesi\u00f3n) Desde el escritorio de tu cuenta puedes ver tus pedidos recientes, gestionar tus direcciones de env\u00edo y facturaci\u00f3n y editar tu contrase\u00f1a y los detalles de tu cuenta.\" \/>\n<meta property=\"og:url\" content=\"https:\/\/alpargateriadeparenpar.es\/en\/my-account\/\" \/>\n<meta property=\"og:site_name\" content=\"Alpargater\u00eda de Par en Par\" \/>\n<meta property=\"article:modified_time\" content=\"2023-03-14T08:49:00+00:00\" \/>\n<meta name=\"twitter:card\" content=\"summary_large_image\" \/>\n<script type=\"application\/ld+json\" class=\"yoast-schema-graph\">{\"@context\":\"https:\/\/schema.org\",\"@graph\":[{\"@type\":\"WebPage\",\"@id\":\"https:\/\/alpargateriadeparenpar.es\/en\/my-account\/\",\"url\":\"https:\/\/alpargateriadeparenpar.es\/en\/my-account\/\",\"name\":\"My Account - Alpargater\u00eda de Par en Par\",\"isPartOf\":{\"@id\":\"https:\/\/alpargateriadeparenpar.es\/#website\"},\"datePublished\":\"2022-12-15T08:46:57+00:00\",\"dateModified\":\"2023-03-14T08:49:00+00:00\",\"breadcrumb\":{\"@id\":\"https:\/\/alpargateriadeparenpar.es\/en\/my-account\/#breadcrumb\"},\"inLanguage\":\"en-US\",\"potentialAction\":[{\"@type\":\"ReadAction\",\"target\":[\"https:\/\/alpargateriadeparenpar.es\/en\/my-account\/\"]}]},{\"@type\":\"BreadcrumbList\",\"@id\":\"https:\/\/alpargateriadeparenpar.es\/en\/my-account\/#breadcrumb\",\"itemListElement\":[{\"@type\":\"ListItem\",\"position\":1,\"name\":\"Home\",\"item\":\"https:\/\/alpargateriadeparenpar.es\/\"},{\"@type\":\"ListItem\",\"position\":2,\"name\":\"My Account\"}]},{\"@type\":\"WebSite\",\"@id\":\"https:\/\/alpargateriadeparenpar.es\/#website\",\"url\":\"https:\/\/alpargateriadeparenpar.es\/\",\"name\":\"Alpargater\u00eda de Par en Par\",\"description\":\"Alpargatas hechas a mano\",\"publisher\":{\"@id\":\"https:\/\/alpargateriadeparenpar.es\/#organization\"},\"potentialAction\":[{\"@type\":\"SearchAction\",\"target\":{\"@type\":\"EntryPoint\",\"urlTemplate\":\"https:\/\/alpargateriadeparenpar.es\/?s={search_term_string}\"},\"query-input\":\"required name=search_term_string\"}],\"inLanguage\":\"en-US\"},{\"@type\":\"Organization\",\"@id\":\"https:\/\/alpargateriadeparenpar.es\/#organization\",\"name\":\"Alpargater\u00eda de Par en Par\",\"url\":\"https:\/\/alpargateriadeparenpar.es\/\",\"logo\":{\"@type\":\"ImageObject\",\"inLanguage\":\"en-US\",\"@id\":\"https:\/\/alpargateriadeparenpar.es\/#\/schema\/logo\/image\/\",\"url\":\"https:\/\/alpargateriadeparenpar.es\/wp-content\/uploads\/2022\/12\/main-logo.svg\",\"contentUrl\":\"https:\/\/alpargateriadeparenpar.es\/wp-content\/uploads\/2022\/12\/main-logo.svg\",\"width\":199,\"height\":177,\"caption\":\"Alpargater\u00eda de Par en Par\"},\"image\":{\"@id\":\"https:\/\/alpargateriadeparenpar.es\/#\/schema\/logo\/image\/\"}}]}<\/script>\n<!-- \/ Yoast SEO plugin. -->","yoast_head_json":{"title":"My Account - Alpargater\u00eda de Par en Par","robots":{"index":"index","follow":"follow","max-snippet":"max-snippet:-1","max-image-preview":"max-image-preview:large","max-video-preview":"max-video-preview:-1"},"canonical":"https:\/\/alpargateriadeparenpar.es\/en\/my-account\/","og_locale":"en_US","og_type":"article","og_title":"My Account - Alpargater\u00eda de Par en Par","og_description":"Escritorio Lista de deseos Pedidos Descargas Direcciones Detalles de la cuenta Logout Hola e-tecnia (\u00bfno eres e-tecnia? Cerrar sesi\u00f3n) Desde el escritorio de tu cuenta puedes ver tus pedidos recientes, gestionar tus direcciones de env\u00edo y facturaci\u00f3n y editar tu contrase\u00f1a y los detalles de tu cuenta.","og_url":"https:\/\/alpargateriadeparenpar.es\/en\/my-account\/","og_site_name":"Alpargater\u00eda de Par en Par","article_modified_time":"2023-03-14T08:49:00+00:00","twitter_card":"summary_large_image","schema":{"@context":"https:\/\/schema.org","@graph":[{"@type":"WebPage","@id":"https:\/\/alpargateriadeparenpar.es\/en\/my-account\/","url":"https:\/\/alpargateriadeparenpar.es\/en\/my-account\/","name":"My Account - Alpargater\u00eda de Par en Par","isPartOf":{"@id":"https:\/\/alpargateriadeparenpar.es\/#website"},"datePublished":"2022-12-15T08:46:57+00:00","dateModified":"2023-03-14T08:49:00+00:00","breadcrumb":{"@id":"https:\/\/alpargateriadeparenpar.es\/en\/my-account\/#breadcrumb"},"inLanguage":"en-US","potentialAction":[{"@type":"ReadAction","target":["https:\/\/alpargateriadeparenpar.es\/en\/my-account\/"]}]},{"@type":"BreadcrumbList","@id":"https:\/\/alpargateriadeparenpar.es\/en\/my-account\/#breadcrumb","itemListElement":[{"@type":"ListItem","position":1,"name":"Home","item":"https:\/\/alpargateriadeparenpar.es\/"},{"@type":"ListItem","position":2,"name":"My Account"}]},{"@type":"WebSite","@id":"https:\/\/alpargateriadeparenpar.es\/#website","url":"https:\/\/alpargateriadeparenpar.es\/","name":"Alpargater\u00eda de Par en Par","description":"Alpargatas hechas a mano","publisher":{"@id":"https:\/\/alpargateriadeparenpar.es\/#organization"},"potentialAction":[{"@type":"SearchAction","target":{"@type":"EntryPoint","urlTemplate":"https:\/\/alpargateriadeparenpar.es\/?s={search_term_string}"},"query-input":"required name=search_term_string"}],"inLanguage":"en-US"},{"@type":"Organization","@id":"https:\/\/alpargateriadeparenpar.es\/#organization","name":"Alpargater\u00eda de Par en Par","url":"https:\/\/alpargateriadeparenpar.es\/","logo":{"@type":"ImageObject","inLanguage":"en-US","@id":"https:\/\/alpargateriadeparenpar.es\/#\/schema\/logo\/image\/","url":"https:\/\/alpargateriadeparenpar.es\/wp-content\/uploads\/2022\/12\/main-logo.svg","contentUrl":"https:\/\/alpargateriadeparenpar.es\/wp-content\/uploads\/2022\/12\/main-logo.svg","width":199,"height":177,"caption":"Alpargater\u00eda de Par en Par"},"image":{"@id":"https:\/\/alpargateriadeparenpar.es\/#\/schema\/logo\/image\/"}}]}},"_links":{"self":[{"href":"https:\/\/alpargateriadeparenpar.es\/en\/wp-json\/wp\/v2\/pages\/1825"}],"collection":[{"href":"https:\/\/alpargateriadeparenpar.es\/en\/wp-json\/wp\/v2\/pages"}],"about":[{"href":"https:\/\/alpargateriadeparenpar.es\/en\/wp-json\/wp\/v2\/types\/page"}],"author":[{"embeddable":true,"href":"https:\/\/alpargateriadeparenpar.es\/en\/wp-json\/wp\/v2\/users\/1"}],"replies":[{"embeddable":true,"href":"https:\/\/alpargateriadeparenpar.es\/en\/wp-json\/wp\/v2\/comments?post=1825"}],"version-history":[{"count":0,"href":"https:\/\/alpargateriadeparenpar.es\/en\/wp-json\/wp\/v2\/pages\/1825\/revisions"}],"wp:attachment":[{"href":"https:\/\/alpargateriadeparenpar.es\/en\/wp-json\/wp\/v2\/media?parent=1825"}],"curies":[{"name":"wp","href":"https:\/\/api.w.org\/{rel}","templated":true}]}}